{"id":51,"date":"2017-03-23T19:29:44","date_gmt":"2017-03-23T19:29:44","guid":{"rendered":"http:\/\/distobra.com.mx\/gourmet\/?page_id=51"},"modified":"2018-08-07T01:23:16","modified_gmt":"2018-08-07T01:23:16","slug":"dongalo","status":"publish","type":"page","link":"https:\/\/distobra.com.mx\/gourmet\/productos\/dongalo\/","title":{"rendered":"MEZCAL DON GALO"},"content":{"rendered":"<p><img loading=\"lazy\" decoding=\"async\" class=\"alignnone wp-image-120\" src=\"http:\/\/distobra.com.mx\/gourmet\/wp-content\/uploads\/2017\/03\/Bot-todas-300x202.jpg\" alt=\"\" width=\"753\" height=\"507\" srcset=\"https:\/\/distobra.com.mx\/gourmet\/wp-content\/uploads\/2017\/03\/Bot-todas-300x202.jpg 300w, https:\/\/distobra.com.mx\/gourmet\/wp-content\/uploads\/2017\/03\/Bot-todas-416x281.jpg 416w, https:\/\/distobra.com.mx\/gourmet\/wp-content\/uploads\/2017\/03\/Bot-todas-148x100.jpg 148w, https:\/\/distobra.com.mx\/gourmet\/wp-content\/uploads\/2017\/03\/Bot-todas-319x215.jpg 319w, https:\/\/distobra.com.mx\/gourmet\/wp-content\/uploads\/2017\/03\/Bot-todas-38x26.jpg 38w, https:\/\/distobra.com.mx\/gourmet\/wp-content\/uploads\/2017\/03\/Bot-todas-31x21.jpg 31w, https:\/\/distobra.com.mx\/gourmet\/wp-content\/uploads\/2017\/03\/Bot-todas.jpg 510w\" sizes=\"auto, (max-width: 753px) 100vw, 753px\" \/><\/p>\n<p>&nbsp;<\/p>\n<p><strong><span style=\"vertical-align: inherit;\"><span style=\"vertical-align: inherit;\">S\u00edmbolo de tradici\u00f3n e innovaci\u00f3n, concebido en la mente del maestro mezcalero Galindo Morales, Don Galo, este excepcional mezcal tiene una gama de sabor inigualable y calidad indiscutible.<\/span><\/span><\/strong><\/p>\n<p><strong><span style=\"vertical-align: inherit;\"><span style=\"vertical-align: inherit;\">Se produce en la localidad de San Juan del R\u00edo, municipio de Tlacolula, Oaxaca para deleitar al paladar con sus caracter\u00edsticas \u00fanicas.<\/span><\/span><\/strong><\/p>\n<ul>\n<li><strong><span style=\"vertical-align: inherit;\"><span style=\"vertical-align: inherit;\">Artesanal 100%<\/span><\/span><\/strong><\/li>\n<li><strong><span style=\"vertical-align: inherit;\"><span style=\"vertical-align: inherit;\">Org\u00e1nico (Avalado por la USDA)<\/span><\/span><\/strong><\/li>\n<li><strong><span style=\"vertical-align: inherit;\"><span style=\"vertical-align: inherit;\">Medalla de Plata en el concurso de Bruselas 2016<\/span><\/span><\/strong><\/li>\n<li><strong><span style=\"vertical-align: inherit;\"><span style=\"vertical-align: inherit;\">Medalla de Oro en el Concurso Nacional de Mezcales 2016<\/span><\/span><\/strong><\/li>\n<\/ul>\n<p>&nbsp;<\/p>\n","protected":false},"excerpt":{"rendered":"<p>&nbsp; S\u00edmbolo de tradici\u00f3n e innovaci\u00f3n, concebido en la mente del maestro mezcalero Galindo Morales, Don Galo, este excepcional mezcal tiene una gama de sabor inigualable y calidad indiscutible. Se produce en la localidad de San Juan del R\u00edo, municipio de Tlacolula, Oaxaca para deleitar al paladar con sus caracter\u00edsticas \u00fanicas. Artesanal 100% Org\u00e1nico (Avalado [&hellip;]<\/p>\n","protected":false},"author":1,"featured_media":0,"parent":4,"menu_order":0,"comment_status":"closed","ping_status":"closed","template":"","meta":{"footnotes":""},"class_list":["post-51","page","type-page","status-publish","hentry"],"_links":{"self":[{"href":"https:\/\/distobra.com.mx\/gourmet\/wp-json\/wp\/v2\/pages\/51","targetHints":{"allow":["GET"]}}],"collection":[{"href":"https:\/\/distobra.com.mx\/gourmet\/wp-json\/wp\/v2\/pages"}],"about":[{"href":"https:\/\/distobra.com.mx\/gourmet\/wp-json\/wp\/v2\/types\/page"}],"author":[{"embeddable":true,"href":"https:\/\/distobra.com.mx\/gourmet\/wp-json\/wp\/v2\/users\/1"}],"replies":[{"embeddable":true,"href":"https:\/\/distobra.com.mx\/gourmet\/wp-json\/wp\/v2\/comments?post=51"}],"version-history":[{"count":20,"href":"https:\/\/distobra.com.mx\/gourmet\/wp-json\/wp\/v2\/pages\/51\/revisions"}],"predecessor-version":[{"id":340,"href":"https:\/\/distobra.com.mx\/gourmet\/wp-json\/wp\/v2\/pages\/51\/revisions\/340"}],"up":[{"embeddable":true,"href":"https:\/\/distobra.com.mx\/gourmet\/wp-json\/wp\/v2\/pages\/4"}],"wp:attachment":[{"href":"https:\/\/distobra.com.mx\/gourmet\/wp-json\/wp\/v2\/media?parent=51"}],"curies":[{"name":"wp","href":"https:\/\/api.w.org\/{rel}","templated":true}]}}