{"id":305,"date":"2018-08-06T21:23:38","date_gmt":"2018-08-07T03:23:38","guid":{"rendered":"http:\/\/distobra.com.mx\/gourmet\/?page_id=305"},"modified":"2019-02-22T00:53:30","modified_gmt":"2019-02-22T06:53:30","slug":"eurocervezas","status":"publish","type":"page","link":"https:\/\/distobra.com.mx\/gourmet\/productos\/eurocervezas\/","title":{"rendered":"EUROCERVEZAS"},"content":{"rendered":"<p><\/p>\n<div class=\"wp-block-image\">\n<figure class=\"aligncenter is-resized\"><img loading=\"lazy\" decoding=\"async\" src=\"http:\/\/distobra.com.mx\/gourmet\/wp-content\/uploads\/2019\/02\/Logo-azul.png\" alt=\"\" class=\"wp-image-402\" width=\"217\" height=\"217\" srcset=\"https:\/\/distobra.com.mx\/gourmet\/wp-content\/uploads\/2019\/02\/Logo-azul.png 360w, https:\/\/distobra.com.mx\/gourmet\/wp-content\/uploads\/2019\/02\/Logo-azul-324x324.png 324w, https:\/\/distobra.com.mx\/gourmet\/wp-content\/uploads\/2019\/02\/Logo-azul-100x100.png 100w, https:\/\/distobra.com.mx\/gourmet\/wp-content\/uploads\/2019\/02\/Logo-azul-148x148.png 148w, https:\/\/distobra.com.mx\/gourmet\/wp-content\/uploads\/2019\/02\/Logo-azul-215x215.png 215w, https:\/\/distobra.com.mx\/gourmet\/wp-content\/uploads\/2019\/02\/Logo-azul-38x38.png 38w, https:\/\/distobra.com.mx\/gourmet\/wp-content\/uploads\/2019\/02\/Logo-azul-31x31.png 31w, https:\/\/distobra.com.mx\/gourmet\/wp-content\/uploads\/2019\/02\/Logo-azul-150x150.png 150w, https:\/\/distobra.com.mx\/gourmet\/wp-content\/uploads\/2019\/02\/Logo-azul-300x300.png 300w\" sizes=\"auto, (max-width: 217px) 100vw, 217px\" \/><\/figure>\n<\/div>\n<p><\/p>\n<p><strong><span style=\"vertical-align: inherit;\"><span style=\"vertical-align: inherit;\"><span style=\"vertical-align: inherit;\"><span style=\"vertical-align: inherit;\">Amplia selecci\u00f3n de cervezas provenientes de los pa\u00edses europeos cerveceros por tradici\u00f3n como Austria, Lituania, Polonia, Alemania, Eslovaquia, Dinamarca y Rep\u00fablica Checa, sus espumosos sabores cautivan el paladar.<\/span><\/span><\/span><\/span><\/strong><\/p>\n<p>\u00a0<\/p>\n","protected":false},"excerpt":{"rendered":"<p>Amplia selecci\u00f3n de cervezas provenientes de los pa\u00edses europeos cerveceros por tradici\u00f3n como Austria, Lituania, Polonia, Alemania, Eslovaquia, Dinamarca y Rep\u00fablica Checa, sus espumosos sabores cautivan el paladar. \u00a0<\/p>\n","protected":false},"author":2,"featured_media":0,"parent":4,"menu_order":3,"comment_status":"closed","ping_status":"closed","template":"","meta":{"footnotes":""},"class_list":["post-305","page","type-page","status-publish","hentry"],"_links":{"self":[{"href":"https:\/\/distobra.com.mx\/gourmet\/wp-json\/wp\/v2\/pages\/305","targetHints":{"allow":["GET"]}}],"collection":[{"href":"https:\/\/distobra.com.mx\/gourmet\/wp-json\/wp\/v2\/pages"}],"about":[{"href":"https:\/\/distobra.com.mx\/gourmet\/wp-json\/wp\/v2\/types\/page"}],"author":[{"embeddable":true,"href":"https:\/\/distobra.com.mx\/gourmet\/wp-json\/wp\/v2\/users\/2"}],"replies":[{"embeddable":true,"href":"https:\/\/distobra.com.mx\/gourmet\/wp-json\/wp\/v2\/comments?post=305"}],"version-history":[{"count":5,"href":"https:\/\/distobra.com.mx\/gourmet\/wp-json\/wp\/v2\/pages\/305\/revisions"}],"predecessor-version":[{"id":445,"href":"https:\/\/distobra.com.mx\/gourmet\/wp-json\/wp\/v2\/pages\/305\/revisions\/445"}],"up":[{"embeddable":true,"href":"https:\/\/distobra.com.mx\/gourmet\/wp-json\/wp\/v2\/pages\/4"}],"wp:attachment":[{"href":"https:\/\/distobra.com.mx\/gourmet\/wp-json\/wp\/v2\/media?parent=305"}],"curies":[{"name":"wp","href":"https:\/\/api.w.org\/{rel}","templated":true}]}}