{"id":206,"date":"2017-03-27T05:24:12","date_gmt":"2017-03-27T05:24:12","guid":{"rendered":"http:\/\/distobra.com.mx\/gourmet\/?page_id=206"},"modified":"2018-09-04T20:18:32","modified_gmt":"2018-09-04T20:18:32","slug":"experiencias-gourmet","status":"publish","type":"page","link":"https:\/\/distobra.com.mx\/gourmet\/productos\/dongalo\/experiencias-gourmet\/","title":{"rendered":"EXPERIENCIAS GOURMET"},"content":{"rendered":"<h1 style=\"text-align: center;\"><span style=\"vertical-align: inherit;\"><span style=\"vertical-align: inherit;\"><span style=\"vertical-align: inherit;\"><span style=\"vertical-align: inherit;\"><span style=\"vertical-align: inherit;\"><span style=\"vertical-align: inherit;\"><span style=\"vertical-align: inherit;\"><span style=\"vertical-align: inherit;\"><span style=\"vertical-align: inherit;\"><span style=\"vertical-align: inherit;\"><span style=\"vertical-align: inherit;\"><span style=\"vertical-align: inherit;\">Cata de Mezcal<\/span><\/span><\/span><\/span><\/span><\/span><\/span><\/span><\/span><\/span><\/span><\/span><\/h1>\n<p>&nbsp;<\/p>\n<h5><span style=\"vertical-align: inherit;\"><span style=\"vertical-align: inherit;\"><span style=\"vertical-align: inherit;\"><span style=\"vertical-align: inherit;\"><span style=\"vertical-align: inherit;\"><span style=\"vertical-align: inherit;\"><span style=\"vertical-align: inherit;\"><span style=\"vertical-align: inherit;\"><span style=\"vertical-align: inherit;\"><span style=\"vertical-align: inherit;\">Destilado inigualable e innovador con matices \u00fanicos que animan los sentidos, lo mejor de la hermosa tierra oaxaque\u00f1a con esmero para ti.<\/span><\/span><\/span><\/span><\/span><\/span><\/span><\/span><\/span><\/span><\/h5>\n<h5><\/h5>\n<h5><span style=\"vertical-align: inherit;\"><span style=\"vertical-align: inherit;\"><span style=\"vertical-align: inherit;\"><span style=\"vertical-align: inherit;\"><span style=\"vertical-align: inherit;\"><span style=\"vertical-align: inherit;\"><span style=\"vertical-align: inherit;\"><span style=\"vertical-align: inherit;\"><span style=\"vertical-align: inherit;\"><span style=\"vertical-align: inherit;\">Mezcal Don Galo est\u00e1 dispuesto a conquistarte beso a beso, as\u00ed como se bebe este elixir.<\/span><\/span><\/span><\/span><\/span><\/span><\/span><\/span><\/span><\/span><\/h5>\n<h5><\/h5>\n<h5><span style=\"vertical-align: inherit;\"><span style=\"vertical-align: inherit;\"><span style=\"vertical-align: inherit;\"><span style=\"vertical-align: inherit;\"><span style=\"vertical-align: inherit;\"><span style=\"vertical-align: inherit;\"><span style=\"vertical-align: inherit;\"><span style=\"vertical-align: inherit;\"><span style=\"vertical-align: inherit;\"><span style=\"vertical-align: inherit;\">Las catas de este mezcal 100% artesanal son una apuesta para redescubrir los sabores aut\u00e9nticos de M\u00e9xico y maridarlos con exquisitos manjares.<\/span><\/span><\/span><\/span><\/span><\/span><\/span><\/span><\/span><\/span><\/h5>\n<h5><\/h5>\n<h5><span style=\"vertical-align: inherit;\"><span style=\"vertical-align: inherit;\"><span style=\"vertical-align: inherit;\"><span style=\"vertical-align: inherit;\"><span style=\"vertical-align: inherit;\"><span style=\"vertical-align: inherit;\"><span style=\"vertical-align: inherit;\"><span style=\"vertical-align: inherit;\"><span style=\"vertical-align: inherit;\"><span style=\"vertical-align: inherit;\">Catas privadas, en eventos sociales o empresariales es una de nuestras propuestas, ya que mezcales compartidos ayudan a conocer nuevos amigos.<\/span><\/span><\/span><\/span><\/span><\/span><\/span><\/span><\/span><\/span><\/h5>\n<h5><\/h5>\n<p><img loading=\"lazy\" decoding=\"async\" class=\"alignnone size-medium wp-image-345\" src=\"http:\/\/distobra.com.mx\/gourmet\/wp-content\/uploads\/2018\/09\/IMG_20180901_150626-300x225.jpg\" alt=\"\" width=\"300\" height=\"225\" srcset=\"https:\/\/distobra.com.mx\/gourmet\/wp-content\/uploads\/2018\/09\/IMG_20180901_150626-300x225.jpg 300w, https:\/\/distobra.com.mx\/gourmet\/wp-content\/uploads\/2018\/09\/IMG_20180901_150626-416x312.jpg 416w, https:\/\/distobra.com.mx\/gourmet\/wp-content\/uploads\/2018\/09\/IMG_20180901_150626-148x111.jpg 148w, https:\/\/distobra.com.mx\/gourmet\/wp-content\/uploads\/2018\/09\/IMG_20180901_150626-287x215.jpg 287w, https:\/\/distobra.com.mx\/gourmet\/wp-content\/uploads\/2018\/09\/IMG_20180901_150626-38x29.jpg 38w, https:\/\/distobra.com.mx\/gourmet\/wp-content\/uploads\/2018\/09\/IMG_20180901_150626-31x23.jpg 31w, https:\/\/distobra.com.mx\/gourmet\/wp-content\/uploads\/2018\/09\/IMG_20180901_150626-768x576.jpg 768w, https:\/\/distobra.com.mx\/gourmet\/wp-content\/uploads\/2018\/09\/IMG_20180901_150626-1024x768.jpg 1024w\" sizes=\"auto, (max-width: 300px) 100vw, 300px\" \/>\u00a0 \u00a0 \u00a0<img loading=\"lazy\" decoding=\"async\" class=\"alignnone size-medium wp-image-346\" src=\"http:\/\/distobra.com.mx\/gourmet\/wp-content\/uploads\/2018\/09\/IMG_20180901_152454-300x225.jpg\" alt=\"\" width=\"300\" height=\"225\" srcset=\"https:\/\/distobra.com.mx\/gourmet\/wp-content\/uploads\/2018\/09\/IMG_20180901_152454-300x225.jpg 300w, https:\/\/distobra.com.mx\/gourmet\/wp-content\/uploads\/2018\/09\/IMG_20180901_152454-416x312.jpg 416w, https:\/\/distobra.com.mx\/gourmet\/wp-content\/uploads\/2018\/09\/IMG_20180901_152454-148x111.jpg 148w, https:\/\/distobra.com.mx\/gourmet\/wp-content\/uploads\/2018\/09\/IMG_20180901_152454-287x215.jpg 287w, https:\/\/distobra.com.mx\/gourmet\/wp-content\/uploads\/2018\/09\/IMG_20180901_152454-38x29.jpg 38w, https:\/\/distobra.com.mx\/gourmet\/wp-content\/uploads\/2018\/09\/IMG_20180901_152454-31x23.jpg 31w, https:\/\/distobra.com.mx\/gourmet\/wp-content\/uploads\/2018\/09\/IMG_20180901_152454-768x576.jpg 768w, https:\/\/distobra.com.mx\/gourmet\/wp-content\/uploads\/2018\/09\/IMG_20180901_152454-1024x768.jpg 1024w\" sizes=\"auto, (max-width: 300px) 100vw, 300px\" \/>\u00a0 \u00a0 \u00a0<img loading=\"lazy\" decoding=\"async\" class=\"alignnone size-medium wp-image-347\" src=\"http:\/\/distobra.com.mx\/gourmet\/wp-content\/uploads\/2018\/09\/IMG_20180901_152408-300x225.jpg\" alt=\"\" width=\"300\" height=\"225\" srcset=\"https:\/\/distobra.com.mx\/gourmet\/wp-content\/uploads\/2018\/09\/IMG_20180901_152408-300x225.jpg 300w, https:\/\/distobra.com.mx\/gourmet\/wp-content\/uploads\/2018\/09\/IMG_20180901_152408-416x312.jpg 416w, https:\/\/distobra.com.mx\/gourmet\/wp-content\/uploads\/2018\/09\/IMG_20180901_152408-148x111.jpg 148w, https:\/\/distobra.com.mx\/gourmet\/wp-content\/uploads\/2018\/09\/IMG_20180901_152408-287x215.jpg 287w, https:\/\/distobra.com.mx\/gourmet\/wp-content\/uploads\/2018\/09\/IMG_20180901_152408-38x29.jpg 38w, https:\/\/distobra.com.mx\/gourmet\/wp-content\/uploads\/2018\/09\/IMG_20180901_152408-31x23.jpg 31w, https:\/\/distobra.com.mx\/gourmet\/wp-content\/uploads\/2018\/09\/IMG_20180901_152408-768x576.jpg 768w, https:\/\/distobra.com.mx\/gourmet\/wp-content\/uploads\/2018\/09\/IMG_20180901_152408-1024x768.jpg 1024w\" sizes=\"auto, (max-width: 300px) 100vw, 300px\" \/><\/p>\n","protected":false},"excerpt":{"rendered":"<p>Cata de Mezcal &nbsp; Destilado inigualable e innovador con matices \u00fanicos que animan los sentidos, lo mejor de la hermosa tierra oaxaque\u00f1a con esmero para ti. Mezcal Don Galo est\u00e1 dispuesto a conquistarte beso a beso, as\u00ed como se bebe este elixir. Las catas de este mezcal 100% artesanal son una apuesta para redescubrir los [&hellip;]<\/p>\n","protected":false},"author":1,"featured_media":0,"parent":51,"menu_order":2,"comment_status":"closed","ping_status":"closed","template":"","meta":{"footnotes":""},"class_list":["post-206","page","type-page","status-publish","hentry"],"_links":{"self":[{"href":"https:\/\/distobra.com.mx\/gourmet\/wp-json\/wp\/v2\/pages\/206","targetHints":{"allow":["GET"]}}],"collection":[{"href":"https:\/\/distobra.com.mx\/gourmet\/wp-json\/wp\/v2\/pages"}],"about":[{"href":"https:\/\/distobra.com.mx\/gourmet\/wp-json\/wp\/v2\/types\/page"}],"author":[{"embeddable":true,"href":"https:\/\/distobra.com.mx\/gourmet\/wp-json\/wp\/v2\/users\/1"}],"replies":[{"embeddable":true,"href":"https:\/\/distobra.com.mx\/gourmet\/wp-json\/wp\/v2\/comments?post=206"}],"version-history":[{"count":8,"href":"https:\/\/distobra.com.mx\/gourmet\/wp-json\/wp\/v2\/pages\/206\/revisions"}],"predecessor-version":[{"id":352,"href":"https:\/\/distobra.com.mx\/gourmet\/wp-json\/wp\/v2\/pages\/206\/revisions\/352"}],"up":[{"embeddable":true,"href":"https:\/\/distobra.com.mx\/gourmet\/wp-json\/wp\/v2\/pages\/51"}],"wp:attachment":[{"href":"https:\/\/distobra.com.mx\/gourmet\/wp-json\/wp\/v2\/media?parent=206"}],"curies":[{"name":"wp","href":"https:\/\/api.w.org\/{rel}","templated":true}]}}